{"id":9,"date":"2015-10-19T01:01:10","date_gmt":"2015-10-19T00:01:10","guid":{"rendered":"http:\/\/www.avopro.ca\/avocat\/add-listing\/"},"modified":"2024-10-24T23:13:26","modified_gmt":"2024-10-24T22:13:26","slug":"ajoutez-avocat","status":"publish","type":"page","link":"https:\/\/www.avopro.ca\/avocat\/ajoutez-avocat\/","title":{"rendered":"Ajoutez un avocat"},"content":{"rendered":"\n<figure class=\"wp-block-image\"><img loading=\"lazy\" decoding=\"async\" width=\"900\" height=\"300\" src=\"\/avocat\/wp-content\/uploads\/2015\/10\/visibilite-avocat-web-internet.jpg\" alt=\"visibilit\u00e9 avocat web internet\" class=\"wp-image-400\" srcset=\"https:\/\/www.avopro.ca\/avocat\/wp-content\/uploads\/2015\/10\/visibilite-avocat-web-internet.jpg 900w, https:\/\/www.avopro.ca\/avocat\/wp-content\/uploads\/2015\/10\/visibilite-avocat-web-internet-300x100.jpg 300w\" sizes=\"(max-width: 900px) 100vw, 900px\" \/><\/figure>\n\n\n\n<p><\/p>\n\n\n\n<h1 class=\"wp-block-heading\">Ajoutez un(e) avocat(e) ou un cabinet<\/h1>\n\n\n\n<p>Vous \u00eates un(e) avocat(e) et vous souhaitez augmenter votre visibilit\u00e9 en ligne. Notre entreprise vous propose de nombreuses options pour trouver de nouveaux clients \u00e0 la recherche de service d&rsquo;avocat. Notre r\u00e9pertoire permettra de cr\u00e9er de nouvelles opportunit\u00e9s pour votre cabinet. <\/p>\n\n\n\n<p>Pour ajouter un(e) avocat(e) contactez-nous : <a style=\"color: #333; text-decoration: none;\" href=\"tel:514-623-8122\">(514) 623-8122<\/a> Vous pouvez aussi visiter notre <a href=\"https:\/\/www.direction-web.ca\/\">site internet<\/a> pour en savoir sur notre entreprise et nous contacter par courriel.<\/p>\n","protected":false},"excerpt":{"rendered":"<p>Ajoutez un(e) avocat(e) ou un cabinet Vous \u00eates un(e) avocat(e) et vous souhaitez augmenter votre visibilit\u00e9 en ligne. Notre entreprise vous propose de nombreuses options pour trouver de nouveaux clients \u00e0 la recherche de service d&rsquo;avocat. Notre r\u00e9pertoire permettra de cr\u00e9er de nouvelles opportunit\u00e9s pour votre cabinet. Pour ajouter un(e) avocat(e) contactez-nous : (514) 623-8122 [&hellip;]<\/p>\n","protected":false},"author":1,"featured_media":0,"parent":0,"menu_order":0,"comment_status":"open","ping_status":"open","template":"","meta":{"footnotes":""},"class_list":["post-9","page","type-page","status-publish","hentry"],"_links":{"self":[{"href":"https:\/\/www.avopro.ca\/avocat\/wp-json\/wp\/v2\/pages\/9"}],"collection":[{"href":"https:\/\/www.avopro.ca\/avocat\/wp-json\/wp\/v2\/pages"}],"about":[{"href":"https:\/\/www.avopro.ca\/avocat\/wp-json\/wp\/v2\/types\/page"}],"author":[{"embeddable":true,"href":"https:\/\/www.avopro.ca\/avocat\/wp-json\/wp\/v2\/users\/1"}],"replies":[{"embeddable":true,"href":"https:\/\/www.avopro.ca\/avocat\/wp-json\/wp\/v2\/comments?post=9"}],"version-history":[{"count":18,"href":"https:\/\/www.avopro.ca\/avocat\/wp-json\/wp\/v2\/pages\/9\/revisions"}],"predecessor-version":[{"id":775,"href":"https:\/\/www.avopro.ca\/avocat\/wp-json\/wp\/v2\/pages\/9\/revisions\/775"}],"wp:attachment":[{"href":"https:\/\/www.avopro.ca\/avocat\/wp-json\/wp\/v2\/media?parent=9"}],"curies":[{"name":"wp","href":"https:\/\/api.w.org\/{rel}","templated":true}]}}