{"id":240,"date":"2016-06-05T22:13:45","date_gmt":"2016-06-05T21:13:45","guid":{"rendered":"http:\/\/www.avopro.ca\/avocat\/?page_id=240"},"modified":"2024-10-18T15:51:06","modified_gmt":"2024-10-18T14:51:06","slug":"les-differents-conseils-avant-dimmigrer","status":"publish","type":"page","link":"https:\/\/www.avopro.ca\/avocat\/les-differents-conseils-avant-dimmigrer\/","title":{"rendered":"Les diff\u00e9rents conseils avant d&rsquo;immigrer"},"content":{"rendered":"\n<h1 class=\"wp-block-heading\">Les diff\u00e9rents conseils avant d&rsquo;immigrer<\/h1>\n\n\n\n<p>Le Canada est l\u2019une des destinations pr\u00e9f\u00e9r\u00e9es des immigrants. Il accueille des milliers de personnes chaque ann\u00e9e. L\u2019immigration au Qu\u00e9bec n\u00e9cessite plusieurs d\u00e9marches administratives.<\/p>\n\n\n\n<p>&nbsp;<\/p>\n\n\n\n<h2 class=\"wp-block-heading\">Les d\u00e9marches g\u00e9n\u00e9rales de l\u2019immigration<\/h2>\n\n\n\n<p>&nbsp;<\/p>\n\n\n\n<p>Il va falloir trouver un certificat de s\u00e9lection, \u00e0 remplir pour faire une demande r\u00e9sidence permanente. Mais aussi, il faut se pr\u00e9parer \u00e0 faire une visite m\u00e9dicale. Aussi, vous aurez \u00e0 pr\u00e9parer tous les papiers justificatifs de vos comp\u00e9tences comme preuve. C\u2019est le cas pour les \u00e9tudiants qui doivent pr\u00e9senter leurs dipl\u00f4mes. Vous aurez besoin d\u2019un extrait de votre casier judiciaire pour v\u00e9rifier vos ant\u00e9c\u00e9dents judiciaires. Toutes ces proc\u00e9dures vont engendrer des frais. Dans pr\u00e8s de 50% des cas, vous allez passer un entretien avec un conseiller de l\u2019ambassade.<\/p>\n\n\n\n<p>&nbsp;<\/p>\n\n\n\n<p>&nbsp;<\/p>\n\n\n<div class=\"wp-block-image img-responsive wp-image-323 size-full\">\n<figure class=\"aligncenter\"><img loading=\"lazy\" decoding=\"async\" width=\"635\" height=\"400\" src=\"\/avocat\/wp-content\/uploads\/2016\/06\/avocat-immigration-conseils.jpg\" alt=\"avocat immigration conseils\" class=\"wp-image-323\" srcset=\"https:\/\/www.avopro.ca\/avocat\/wp-content\/uploads\/2016\/06\/avocat-immigration-conseils.jpg 635w, https:\/\/www.avopro.ca\/avocat\/wp-content\/uploads\/2016\/06\/avocat-immigration-conseils-300x189.jpg 300w\" sizes=\"(max-width: 635px) 100vw, 635px\" \/><figcaption class=\"wp-element-caption\">Avocat sp\u00e9cialis\u00e9 en droit de l&rsquo;immigration pour service conseils avant d&rsquo;immigrer au Qu\u00e9bec et au Canada<\/figcaption><\/figure><\/div>\n\n\n<p>&nbsp;<\/p>\n\n\n\n<p>&nbsp;<\/p>\n\n\n\n<h2 class=\"wp-block-heading\">Les informations suppl\u00e9mentaires \u00e0 conna\u00eetre<\/h2>\n\n\n\n<p>&nbsp;<\/p>\n\n\n\n<p>La province de Qu\u00e9bec dispose de ses propres services d\u2019immigration situ\u00e9s un peu partout dans le monde. Cette partie du Canada cherche souvent \u00e0 accueillir des immigrants francophones. Il faut presque un an pour terminer les d\u00e9marches migratoires. Les migrants doivent justifier qu\u2019il dispose de ressources suffisantes pour subvenir \u00e0 leurs besoins pour les trois premiers mois. Il est aussi possible de parrainer son partenaire qu\u2019il soit de m\u00eame sexe ou de sexe oppos\u00e9. Il est aussi possible d\u2019immigrer ensemble.<\/p>\n\n\n\n<p>&nbsp;<\/p>\n\n\n\n<p>Le texte suivant peut comporter plusieurs erreurs d&rsquo;informations, veuillez toujours contacter avec un avocat pour confirmer les informations.<\/p>\n\n\n\n<p>&nbsp;<\/p>\n","protected":false},"excerpt":{"rendered":"<p>Les diff\u00e9rents conseils avant d&rsquo;immigrer Le Canada est l\u2019une des destinations pr\u00e9f\u00e9r\u00e9es des immigrants. Il accueille des milliers de personnes chaque ann\u00e9e. L\u2019immigration au Qu\u00e9bec n\u00e9cessite plusieurs d\u00e9marches administratives. &nbsp; Les d\u00e9marches g\u00e9n\u00e9rales de l\u2019immigration &nbsp; Il va falloir trouver un certificat de s\u00e9lection, \u00e0 remplir pour faire une demande r\u00e9sidence permanente. Mais aussi, il [&hellip;]<\/p>\n","protected":false},"author":1,"featured_media":0,"parent":0,"menu_order":0,"comment_status":"open","ping_status":"open","template":"","meta":{"footnotes":""},"class_list":["post-240","page","type-page","status-publish","hentry"],"_links":{"self":[{"href":"https:\/\/www.avopro.ca\/avocat\/wp-json\/wp\/v2\/pages\/240"}],"collection":[{"href":"https:\/\/www.avopro.ca\/avocat\/wp-json\/wp\/v2\/pages"}],"about":[{"href":"https:\/\/www.avopro.ca\/avocat\/wp-json\/wp\/v2\/types\/page"}],"author":[{"embeddable":true,"href":"https:\/\/www.avopro.ca\/avocat\/wp-json\/wp\/v2\/users\/1"}],"replies":[{"embeddable":true,"href":"https:\/\/www.avopro.ca\/avocat\/wp-json\/wp\/v2\/comments?post=240"}],"version-history":[{"count":7,"href":"https:\/\/www.avopro.ca\/avocat\/wp-json\/wp\/v2\/pages\/240\/revisions"}],"predecessor-version":[{"id":800,"href":"https:\/\/www.avopro.ca\/avocat\/wp-json\/wp\/v2\/pages\/240\/revisions\/800"}],"wp:attachment":[{"href":"https:\/\/www.avopro.ca\/avocat\/wp-json\/wp\/v2\/media?parent=240"}],"curies":[{"name":"wp","href":"https:\/\/api.w.org\/{rel}","templated":true}]}}