{"id":235,"date":"2016-06-05T22:09:00","date_gmt":"2016-06-05T21:09:00","guid":{"rendered":"http:\/\/www.avopro.ca\/avocat\/?page_id=235"},"modified":"2024-10-18T15:50:23","modified_gmt":"2024-10-18T14:50:23","slug":"le-droit-criminel","status":"publish","type":"page","link":"https:\/\/www.avopro.ca\/avocat\/le-droit-criminel\/","title":{"rendered":"Le droit criminel"},"content":{"rendered":"\n<h1 class=\"wp-block-heading\">Le droit criminel<\/h1>\n\n\n\n<p>Le droit criminel est une branche tr\u00e8s importante du droit. Il concerne les actes qui visent \u00e0 nuire plus pr\u00e9cis\u00e9ment les actes mal intentionn\u00e9s. Le Code criminel pr\u00e9voit toutes les infractions et les sanctions qui vont en \u00eatre inflig\u00e9es.<\/p>\n\n\n\n<p>&nbsp;<\/p>\n\n\n<div class=\"wp-block-image img-responsive wp-image-348 size-full\">\n<figure class=\"aligncenter\"><img loading=\"lazy\" decoding=\"async\" width=\"635\" height=\"400\" src=\"\/avocat\/wp-content\/uploads\/2016\/06\/cabinet-avocat-criminel.jpg\" alt=\"Un cabinet d'avocats sp\u00e9cialis\u00e9 en droit criminel pourra vous aider dans vos d\u00e9marches\" class=\"wp-image-348\" srcset=\"https:\/\/www.avopro.ca\/avocat\/wp-content\/uploads\/2016\/06\/cabinet-avocat-criminel.jpg 635w, https:\/\/www.avopro.ca\/avocat\/wp-content\/uploads\/2016\/06\/cabinet-avocat-criminel-300x189.jpg 300w\" sizes=\"(max-width: 635px) 100vw, 635px\" \/><figcaption class=\"wp-element-caption\">Un cabinet d&rsquo;avocats sp\u00e9cialis\u00e9 en droit criminel pourra vous aider dans vos d\u00e9marches<\/figcaption><\/figure><\/div>\n\n\n<p>&nbsp;<\/p>\n\n\n\n<p>&nbsp;<\/p>\n\n\n\n<p>&nbsp;<\/p>\n\n\n\n<h2 class=\"wp-block-heading\">Le Droit criminel<\/h2>\n\n\n\n<p>&nbsp;<\/p>\n\n\n\n<p>Lors d\u2019une infraction, l\u2019\u00c9tat \u00e0 travers la police et le procureur de la couronne va mener une enqu\u00eate. Ainsi, une poursuite acharn\u00e9e sera faite \u00e0 l\u2019encontre de l\u2019accus\u00e9. Alors, on parle de proc\u00e8s criminel. Le procureur va r\u00e9unir tous les \u00e9l\u00e9ments ou preuves n\u00e9cessaires pour montrer la culpabilit\u00e9 de l\u2019accus\u00e9. Il va donc essayer de prouver que bel et bien un crime a \u00e9t\u00e9 commis et que c\u2019\u00e9tait intentionnel.<\/p>\n\n\n\n<p>&nbsp;<\/p>\n\n\n\n<p>&nbsp;<\/p>\n\n\n\n<h2 class=\"wp-block-heading\">Moyen de d\u00e9fense de l\u2019accus\u00e9<\/h2>\n\n\n\n<p>&nbsp;<\/p>\n\n\n\n<p>Les moyens de d\u00e9fense dans un d\u00e9lit criminel sont l\u00e9gif\u00e9r\u00e9s par la common law, le Code criminel et la loi sur la preuve. Lorsque le procureur de la couronne arrive \u00e0 d\u00e9montrer les preuves de l\u2019un des chefs d\u2019accusation, alors la partie adverse peut faire une d\u00e9fense positive en demandant juste pardon. Utilis\u00e9 souvent en dernier recours, ce dernier permet de justifier compl\u00e8tement ou partiellement l\u2019ex\u00e9cution de cet acte criminel. Dans ce cas de figure, l\u2019accus\u00e9 peut en sortir avec le pardon absolu ou conditionnel du gouvernement f\u00e9d\u00e9ral.<\/p>\n\n\n\n<p>&nbsp;<\/p>\n\n\n\n<p>Le site peut comporter des erreurs d&rsquo;informations pour cette raison veuillez prendre contact directement avec un avocat sp\u00e9cialis\u00e9 en droit criminel.<\/p>\n\n\n\n<p>&nbsp;<\/p>\n","protected":false},"excerpt":{"rendered":"<p>Le droit criminel Le droit criminel est une branche tr\u00e8s importante du droit. Il concerne les actes qui visent \u00e0 nuire plus pr\u00e9cis\u00e9ment les actes mal intentionn\u00e9s. Le Code criminel pr\u00e9voit toutes les infractions et les sanctions qui vont en \u00eatre inflig\u00e9es. &nbsp; &nbsp; &nbsp; &nbsp; Le Droit criminel &nbsp; Lors d\u2019une infraction, l\u2019\u00c9tat \u00e0 [&hellip;]<\/p>\n","protected":false},"author":1,"featured_media":0,"parent":0,"menu_order":0,"comment_status":"open","ping_status":"open","template":"","meta":{"footnotes":""},"class_list":["post-235","page","type-page","status-publish","hentry"],"_links":{"self":[{"href":"https:\/\/www.avopro.ca\/avocat\/wp-json\/wp\/v2\/pages\/235"}],"collection":[{"href":"https:\/\/www.avopro.ca\/avocat\/wp-json\/wp\/v2\/pages"}],"about":[{"href":"https:\/\/www.avopro.ca\/avocat\/wp-json\/wp\/v2\/types\/page"}],"author":[{"embeddable":true,"href":"https:\/\/www.avopro.ca\/avocat\/wp-json\/wp\/v2\/users\/1"}],"replies":[{"embeddable":true,"href":"https:\/\/www.avopro.ca\/avocat\/wp-json\/wp\/v2\/comments?post=235"}],"version-history":[{"count":6,"href":"https:\/\/www.avopro.ca\/avocat\/wp-json\/wp\/v2\/pages\/235\/revisions"}],"predecessor-version":[{"id":797,"href":"https:\/\/www.avopro.ca\/avocat\/wp-json\/wp\/v2\/pages\/235\/revisions\/797"}],"wp:attachment":[{"href":"https:\/\/www.avopro.ca\/avocat\/wp-json\/wp\/v2\/media?parent=235"}],"curies":[{"name":"wp","href":"https:\/\/api.w.org\/{rel}","templated":true}]}}