{"id":226,"date":"2016-06-05T21:57:09","date_gmt":"2016-06-05T20:57:09","guid":{"rendered":"http:\/\/www.avopro.ca\/avocat\/?page_id=226"},"modified":"2024-10-18T15:42:49","modified_gmt":"2024-10-18T14:42:49","slug":"credit-et-solvabilite-de-dette","status":"publish","type":"page","link":"https:\/\/www.avopro.ca\/avocat\/credit-et-solvabilite-de-dette\/","title":{"rendered":"Cr\u00e9dit et solvabilit\u00e9 de dette"},"content":{"rendered":"\n<h1 class=\"wp-block-heading\">Cr\u00e9dit et solvabilit\u00e9 de dette<\/h1>\n\n\n\n<p>&nbsp;<\/p>\n\n\n\n<p>Vous avez emprunt\u00e9 de l\u2019argent avec toutes les formalit\u00e9s qui l\u2019accompagnent, mais vous \u00eates dans l\u2019impossibilit\u00e9 de payer votre dette \u00e0 terme. Pour vous \u00e9viter les inconv\u00e9nients d\u2019une poursuite par votre cr\u00e9ancier, rapprochez-vous des banques sp\u00e9cialis\u00e9es pour une bonne gestion de vos dettes.<\/p>\n\n\n\n<p>&nbsp;<\/p>\n\n\n\n<p>&nbsp;<\/p>\n\n\n<div class=\"wp-block-image img-responsive wp-image-297 size-full\">\n<figure class=\"aligncenter\"><img loading=\"lazy\" decoding=\"async\" width=\"635\" height=\"400\" src=\"\/avocat\/wp-content\/uploads\/2016\/06\/droit-credit-solvabilite-dettes.jpg\" alt=\"droit cr\u00e9dit solvabilit\u00e9 dettes\" class=\"wp-image-297\" srcset=\"https:\/\/www.avopro.ca\/avocat\/wp-content\/uploads\/2016\/06\/droit-credit-solvabilite-dettes.jpg 635w, https:\/\/www.avopro.ca\/avocat\/wp-content\/uploads\/2016\/06\/droit-credit-solvabilite-dettes-300x189.jpg 300w\" sizes=\"(max-width: 635px) 100vw, 635px\" \/><figcaption class=\"wp-element-caption\">Droit cr\u00e9dit et solvabilit\u00e9 de dettes<\/figcaption><\/figure><\/div>\n\n\n<p>&nbsp;<\/p>\n\n\n\n<p>&nbsp;<\/p>\n\n\n\n<h2 class=\"wp-block-heading\">La solvabilit\u00e9 du demandeur<\/h2>\n\n\n\n<p>&nbsp;<\/p>\n\n\n\n<p>\u00c0 votre venue, l\u2019organisme va analyser votre capacit\u00e9 \u00e0 rembourser le cr\u00e9dit dont vous voulez acqu\u00e9rir en un temps donn\u00e9. La banque va toujours mettre en avant ses int\u00e9r\u00eats, mais aussi elle collabore avec un client dont elle pourra faire confiance. Donc vous devez prouver \u00e0 l\u2019agence que vous avez les moyens physiques et financiers pour respecter votre engagement. Pour pouvoir vous pr\u00eater la somme n\u00e9cessaire, la banque est oblig\u00e9e de v\u00e9rifier ces param\u00e8tres qui sont tr\u00e8s importants.<\/p>\n\n\n\n<p>&nbsp;<\/p>\n\n\n\n<h2 class=\"wp-block-heading\">La consolidation de vos dettes<\/h2>\n\n\n\n<p>&nbsp;<\/p>\n\n\n\n<p>Lorsque l\u2019institution financi\u00e8re finit d\u2019\u00e9valuer votre solvabilit\u00e9 et r\u00e9pond favorablement \u00e0 votre demande, vous pouvez maintenant discuter sur les modalit\u00e9s. Vous pouvez ainsi rapidement payer toutes vos dettes en une seule fois. En plus dans la plupart des cas le taux est moins \u00e9lev\u00e9 avec la consolidation de vos dettes et vous avez plus de temps pour rembourser votre pr\u00eat suivant la modalit\u00e9 de paiement.<\/p>\n\n\n\n<p>&nbsp;<\/p>\n\n\n\n<p>Le texte suivant peut comporter plusieurs erreurs d&rsquo;informations, veuillez toujours vous r\u00e9f\u00e9rer \u00e0 un avocat.&nbsp;<\/p>\n","protected":false},"excerpt":{"rendered":"<p>Cr\u00e9dit et solvabilit\u00e9 de dette &nbsp; Vous avez emprunt\u00e9 de l\u2019argent avec toutes les formalit\u00e9s qui l\u2019accompagnent, mais vous \u00eates dans l\u2019impossibilit\u00e9 de payer votre dette \u00e0 terme. Pour vous \u00e9viter les inconv\u00e9nients d\u2019une poursuite par votre cr\u00e9ancier, rapprochez-vous des banques sp\u00e9cialis\u00e9es pour une bonne gestion de vos dettes. &nbsp; &nbsp; &nbsp; &nbsp; La solvabilit\u00e9 [&hellip;]<\/p>\n","protected":false},"author":1,"featured_media":0,"parent":0,"menu_order":0,"comment_status":"open","ping_status":"open","template":"","meta":{"footnotes":""},"class_list":["post-226","page","type-page","status-publish","hentry"],"_links":{"self":[{"href":"https:\/\/www.avopro.ca\/avocat\/wp-json\/wp\/v2\/pages\/226"}],"collection":[{"href":"https:\/\/www.avopro.ca\/avocat\/wp-json\/wp\/v2\/pages"}],"about":[{"href":"https:\/\/www.avopro.ca\/avocat\/wp-json\/wp\/v2\/types\/page"}],"author":[{"embeddable":true,"href":"https:\/\/www.avopro.ca\/avocat\/wp-json\/wp\/v2\/users\/1"}],"replies":[{"embeddable":true,"href":"https:\/\/www.avopro.ca\/avocat\/wp-json\/wp\/v2\/comments?post=226"}],"version-history":[{"count":5,"href":"https:\/\/www.avopro.ca\/avocat\/wp-json\/wp\/v2\/pages\/226\/revisions"}],"predecessor-version":[{"id":785,"href":"https:\/\/www.avopro.ca\/avocat\/wp-json\/wp\/v2\/pages\/226\/revisions\/785"}],"wp:attachment":[{"href":"https:\/\/www.avopro.ca\/avocat\/wp-json\/wp\/v2\/media?parent=226"}],"curies":[{"name":"wp","href":"https:\/\/api.w.org\/{rel}","templated":true}]}}