{"id":201,"date":"2016-06-03T03:42:58","date_gmt":"2016-06-03T02:42:58","guid":{"rendered":"http:\/\/www.avopro.ca\/avocat\/?page_id=201"},"modified":"2024-10-18T15:44:15","modified_gmt":"2024-10-18T14:44:15","slug":"fausse-representation-et-publicite-trompeuse","status":"publish","type":"page","link":"https:\/\/www.avopro.ca\/avocat\/fausse-representation-et-publicite-trompeuse\/","title":{"rendered":"Fausse repr\u00e9sentation et publicit\u00e9 trompeuse"},"content":{"rendered":"\n<h1 class=\"wp-block-heading\">Fausse repr\u00e9sentation et publicit\u00e9 trompeuse<\/h1>\n\n\n\n<p>La publicit\u00e9 est un type de communication o\u00f9 il s\u2019agit d\u2019envoyer un message clair \u00e0 une cible afin de susciter une r\u00e9action de celle-ci. Le but de toute publicit\u00e9 est d\u2019inciter le consommateur \u00e0 venir vers le produit ou le service, le publicitaire est charg\u00e9 de faire d\u00e9clencher la motivation d\u2019achat en \u00e9voquant tous les avantages et bienfaits. Cependant, il peut arriver que la publicit\u00e9 rate sa vocation et se profile en mensonge et tromperie.<\/p>\n\n\n\n<p>&nbsp;<\/p>\n\n\n\n<p>&nbsp;<\/p>\n\n\n<div class=\"wp-block-image img-responsive wp-image-356 size-full\">\n<figure class=\"aligncenter\"><img loading=\"lazy\" decoding=\"async\" width=\"635\" height=\"400\" src=\"\/avocat\/wp-content\/uploads\/2016\/06\/fausse-representation-lois.jpg\" alt=\"fausse repr\u00e9sentation lois\" class=\"wp-image-356\" srcset=\"https:\/\/www.avopro.ca\/avocat\/wp-content\/uploads\/2016\/06\/fausse-representation-lois.jpg 635w, https:\/\/www.avopro.ca\/avocat\/wp-content\/uploads\/2016\/06\/fausse-representation-lois-300x189.jpg 300w\" sizes=\"(max-width: 635px) 100vw, 635px\" \/><figcaption class=\"wp-element-caption\">Fausse repr\u00e9sentation et publicit\u00e9 trompeuse<\/figcaption><\/figure><\/div>\n\n\n<p>&nbsp;<\/p>\n\n\n\n<p>&nbsp;<\/p>\n\n\n\n<p>&nbsp;<\/p>\n\n\n\n<h2 class=\"wp-block-heading\">La fausse repr\u00e9sentation<\/h2>\n\n\n\n<p>&nbsp;<\/p>\n\n\n\n<p>Une publicit\u00e9 qui ne donne pas le r\u00e9sultat attendu par le consommateur est une fausse repr\u00e9sentation. Elle abuse de votre personne en vous apportant des informations d\u00e9guis\u00e9es et elle est punie par la loi. Notez que tous les formats de publicit\u00e9 sont pris en charge par cette loi. L\u2019entreprise qui est l\u2019auteur de ce forfait encourt des poursuites judiciaires.<\/p>\n\n\n\n<h2 class=\"wp-block-heading\">&nbsp;<\/h2>\n\n\n\n<h2 class=\"wp-block-heading\">La publicit\u00e9 trompeuse<\/h2>\n\n\n\n<p>&nbsp;<\/p>\n\n\n\n<p>Elle rejoint la publicit\u00e9 en conduisant le client directement vers l\u2019erreur. Le client qui se base sur le message v\u00e9hicul\u00e9 lors de la publicit\u00e9 pourra \u00eatre confront\u00e9 \u00e0 plusieurs situations inconfortables. Les deux situations les plus fr\u00e9quentes auxquels le consommateur va faire face sont la contrefa\u00e7on et la mauvaise qualit\u00e9. On remarque que la publicit\u00e9 trompeuse peut amener un client \u00e0 faire un achat sans le vouloir.<\/p>\n\n\n\n<p>&nbsp;<\/p>\n\n\n\n<p>Les informations mentionn\u00e9es sur cette page peuvent comporter des erreurs d&rsquo;informations, veuillez contacter directement un avocat pour vous faire guider dans vos d\u00e9marches.<\/p>\n","protected":false},"excerpt":{"rendered":"<p>Fausse repr\u00e9sentation et publicit\u00e9 trompeuse La publicit\u00e9 est un type de communication o\u00f9 il s\u2019agit d\u2019envoyer un message clair \u00e0 une cible afin de susciter une r\u00e9action de celle-ci. Le but de toute publicit\u00e9 est d\u2019inciter le consommateur \u00e0 venir vers le produit ou le service, le publicitaire est charg\u00e9 de faire d\u00e9clencher la motivation [&hellip;]<\/p>\n","protected":false},"author":1,"featured_media":0,"parent":0,"menu_order":0,"comment_status":"open","ping_status":"open","template":"","meta":{"footnotes":""},"class_list":["post-201","page","type-page","status-publish","hentry"],"_links":{"self":[{"href":"https:\/\/www.avopro.ca\/avocat\/wp-json\/wp\/v2\/pages\/201"}],"collection":[{"href":"https:\/\/www.avopro.ca\/avocat\/wp-json\/wp\/v2\/pages"}],"about":[{"href":"https:\/\/www.avopro.ca\/avocat\/wp-json\/wp\/v2\/types\/page"}],"author":[{"embeddable":true,"href":"https:\/\/www.avopro.ca\/avocat\/wp-json\/wp\/v2\/users\/1"}],"replies":[{"embeddable":true,"href":"https:\/\/www.avopro.ca\/avocat\/wp-json\/wp\/v2\/comments?post=201"}],"version-history":[{"count":6,"href":"https:\/\/www.avopro.ca\/avocat\/wp-json\/wp\/v2\/pages\/201\/revisions"}],"predecessor-version":[{"id":791,"href":"https:\/\/www.avopro.ca\/avocat\/wp-json\/wp\/v2\/pages\/201\/revisions\/791"}],"wp:attachment":[{"href":"https:\/\/www.avopro.ca\/avocat\/wp-json\/wp\/v2\/media?parent=201"}],"curies":[{"name":"wp","href":"https:\/\/api.w.org\/{rel}","templated":true}]}}