{"id":197,"date":"2016-06-03T02:51:37","date_gmt":"2016-06-03T01:51:37","guid":{"rendered":"http:\/\/www.avopro.ca\/avocat\/?page_id=197"},"modified":"2024-10-18T15:51:49","modified_gmt":"2024-10-18T14:51:49","slug":"pourquoi-rediger-un-contrat-avec-un-avocat-commercial","status":"publish","type":"page","link":"https:\/\/www.avopro.ca\/avocat\/pourquoi-rediger-un-contrat-avec-un-avocat-commercial\/","title":{"rendered":"Pourquoi r\u00e9diger un contrat avec un avocat commercial"},"content":{"rendered":"\n<h1 class=\"wp-block-heading\">Pourquoi r\u00e9diger un contrat avec un avocat commercial<\/h1>\n\n\n\n<p>Le contrat commercial rev\u00eat une importance capitale. Il permet d\u2019ent\u00e9riner un accord entre deux entreprises ou encore une entreprise et un commercial. Ces derniers uniront donc leurs ressources afin de pouvoir coop\u00e9rer.<\/p>\n\n\n\n<p>&nbsp;<\/p>\n\n\n<div class=\"wp-block-image img-responsive wp-image-254 size-full\">\n<figure class=\"aligncenter\"><img loading=\"lazy\" decoding=\"async\" width=\"635\" height=\"400\" src=\"\/avocat\/wp-content\/uploads\/2016\/06\/avocat-commercial-contrat.jpg\" alt=\"Avocat commercial contrat\" class=\"wp-image-254\" srcset=\"https:\/\/www.avopro.ca\/avocat\/wp-content\/uploads\/2016\/06\/avocat-commercial-contrat.jpg 635w, https:\/\/www.avopro.ca\/avocat\/wp-content\/uploads\/2016\/06\/avocat-commercial-contrat-300x189.jpg 300w\" sizes=\"(max-width: 635px) 100vw, 635px\" \/><figcaption class=\"wp-element-caption\">Avocat commercial contrat<\/figcaption><\/figure><\/div>\n\n\n<p>&nbsp;<\/p>\n\n\n\n<h2 class=\"wp-block-heading\">Pourquoi un avocat commercial?<\/h2>\n\n\n\n<p>Il r\u00e9dige vos conditions g\u00e9n\u00e9rales de vente, d\u2019achat, mais aussi de prestation de services. L\u2019avocat commercial n\u00e9gocie aussi les contrats commerciaux de distribution et d\u2019agence commerciale. De m\u00eame, ce sera l\u2019occasion pour lui de d\u00e9fendre vos droits au titre d\u2019un contrat de reprise de fonds de commerce, des actes de concurrence l\u00e9gale. Des avocats d\u2019affaires sont disponibles pour vous permettre de r\u00e9diger facilement votre contrat.<\/p>\n\n\n\n<p>&nbsp;<\/p>\n\n\n<div class=\"wp-block-image\">\n<figure class=\"aligncenter\"><img loading=\"lazy\" decoding=\"async\" width=\"870\" height=\"309\" src=\"\/avocat\/wp-content\/uploads\/2016\/06\/redaction-contrat-avocat.jpg\" alt=\"r\u00e9daction contrat avocat\" class=\"wp-image-526\" title=\"r\u00e9daction contrat avocat\" srcset=\"https:\/\/www.avopro.ca\/avocat\/wp-content\/uploads\/2016\/06\/redaction-contrat-avocat.jpg 870w, https:\/\/www.avopro.ca\/avocat\/wp-content\/uploads\/2016\/06\/redaction-contrat-avocat-300x107.jpg 300w\" sizes=\"(max-width: 870px) 100vw, 870px\" \/><\/figure><\/div>\n\n\n<p><\/p>\n\n\n\n<p>&nbsp;<\/p>\n\n\n\n<h2 class=\"wp-block-heading\">R\u00f4le de l\u2019avocat commercial<\/h2>\n\n\n\n<p>L\u2019avocat commercial joue un r\u00f4le tr\u00e8s important dans le monde des affaires. Sa premi\u00e8re mission sera de vous conseiller. Pour cela, il va travailler en \u00e9troite collaboration avec les autres membres de son cabinet, afin de trouver la meilleure option pour son client. Il ob\u00e9it \u00e0 un code d\u2019\u00e9thique. Il a le sens de l\u2019analyse et de la synth\u00e8se, sans oublier les aptitudes relationnelles. Des avocats vous conseillent donc sur vos recours et les d\u00e9marches \u00e0 entreprendre autour de vos diff\u00e9rentes probl\u00e9matiques. Alors, laissez les professionnels vous aider \u00e0 mieux g\u00e9rer vos affaires. Vous serez satisfait.<\/p>\n\n\n\n<p>&nbsp;<\/p>\n\n\n\n<p>Cette page peut comporter plusieurs erreurs d&rsquo;informations, pour cette raison vous devez contacter un avocat en droit commercial.<\/p>\n","protected":false},"excerpt":{"rendered":"<p>Pourquoi r\u00e9diger un contrat avec un avocat commercial Le contrat commercial rev\u00eat une importance capitale. Il permet d\u2019ent\u00e9riner un accord entre deux entreprises ou encore une entreprise et un commercial. Ces derniers uniront donc leurs ressources afin de pouvoir coop\u00e9rer. &nbsp; &nbsp; Pourquoi un avocat commercial? Il r\u00e9dige vos conditions g\u00e9n\u00e9rales de vente, d\u2019achat, mais [&hellip;]<\/p>\n","protected":false},"author":1,"featured_media":0,"parent":0,"menu_order":0,"comment_status":"open","ping_status":"open","template":"","meta":{"footnotes":""},"class_list":["post-197","page","type-page","status-publish","hentry"],"_links":{"self":[{"href":"https:\/\/www.avopro.ca\/avocat\/wp-json\/wp\/v2\/pages\/197"}],"collection":[{"href":"https:\/\/www.avopro.ca\/avocat\/wp-json\/wp\/v2\/pages"}],"about":[{"href":"https:\/\/www.avopro.ca\/avocat\/wp-json\/wp\/v2\/types\/page"}],"author":[{"embeddable":true,"href":"https:\/\/www.avopro.ca\/avocat\/wp-json\/wp\/v2\/users\/1"}],"replies":[{"embeddable":true,"href":"https:\/\/www.avopro.ca\/avocat\/wp-json\/wp\/v2\/comments?post=197"}],"version-history":[{"count":11,"href":"https:\/\/www.avopro.ca\/avocat\/wp-json\/wp\/v2\/pages\/197\/revisions"}],"predecessor-version":[{"id":803,"href":"https:\/\/www.avopro.ca\/avocat\/wp-json\/wp\/v2\/pages\/197\/revisions\/803"}],"wp:attachment":[{"href":"https:\/\/www.avopro.ca\/avocat\/wp-json\/wp\/v2\/media?parent=197"}],"curies":[{"name":"wp","href":"https:\/\/api.w.org\/{rel}","templated":true}]}}