{"id":193,"date":"2016-06-03T02:38:39","date_gmt":"2016-06-03T01:38:39","guid":{"rendered":"http:\/\/www.avopro.ca\/avocat\/?page_id=193"},"modified":"2024-10-18T15:43:34","modified_gmt":"2024-10-18T14:43:34","slug":"en-savoir-plus-sur-le-commerce-international","status":"publish","type":"page","link":"https:\/\/www.avopro.ca\/avocat\/en-savoir-plus-sur-le-commerce-international\/","title":{"rendered":"En savoir plus sur le commerce international"},"content":{"rendered":"\n<h1 class=\"wp-block-heading\">En savoir plus sur le commerce international<\/h1>\n\n\n\n<p>Le commerce international constitue l\u2019ensemble des \u00e9changes internationaux de biens, mais aussi de services. Son origine tiendrait du fait qu\u2019aucun pays ne disposerait de toutes les ressources sur son propre territoire. L&rsquo;avocat avec une sp\u00e9cialisation en droit commercial et des affaires conseillera ses clients pour les aider dans l&rsquo;exportation et l&rsquo;importation de produits et services dans d&rsquo;autres pays ou zones \u00e9conomiques.<\/p>\n\n\n\n<p>&nbsp;<\/p>\n\n\n\n<figure class=\"wp-block-image\"><img loading=\"lazy\" decoding=\"async\" width=\"880\" height=\"313\" src=\"\/avocat\/wp-content\/uploads\/2016\/06\/avocat-importation-exportation1.jpg\" alt=\"avocat importation exportation\" class=\"wp-image-514\" title=\"avocat importation exportation\" srcset=\"https:\/\/www.avopro.ca\/avocat\/wp-content\/uploads\/2016\/06\/avocat-importation-exportation1.jpg 880w, https:\/\/www.avopro.ca\/avocat\/wp-content\/uploads\/2016\/06\/avocat-importation-exportation1-300x107.jpg 300w\" sizes=\"(max-width: 880px) 100vw, 880px\" \/><\/figure>\n\n\n\n<p><\/p>\n\n\n\n<p>&nbsp;<\/p>\n\n\n\n<h2 class=\"wp-block-heading\">Quelques informations importantes<\/h2>\n\n\n\n<p>C\u2019est l\u2019organisation mondiale du commerce qui s\u2019occupe des r\u00e8gles r\u00e9gissant le commerce entre les pays. Le commerce international pose un probl\u00e8me de financement. En effet, car les diff\u00e9rents pays du monde qui sont concern\u00e9s utilisent des monnaies diff\u00e9rentes.<\/p>\n\n\n<div class=\"wp-block-image img-responsive wp-image-219 size-full\">\n<figure class=\"alignright\"><img loading=\"lazy\" decoding=\"async\" width=\"485\" height=\"446\" src=\"\/avocat\/wp-content\/uploads\/2016\/06\/avocat-commerce-international.jpg\" alt=\"Avocat commerce international\" class=\"wp-image-219\" srcset=\"https:\/\/www.avopro.ca\/avocat\/wp-content\/uploads\/2016\/06\/avocat-commerce-international.jpg 485w, https:\/\/www.avopro.ca\/avocat\/wp-content\/uploads\/2016\/06\/avocat-commerce-international-300x276.jpg 300w\" sizes=\"(max-width: 485px) 100vw, 485px\" \/><figcaption class=\"wp-element-caption\">Avocat commerce international<\/figcaption><\/figure><\/div>\n\n\n<p>Voici certains des \u00e9l\u00e9ments avec lesquels un avocat sera particuli\u00e8rement utile:<\/p>\n\n\n\n<p>&nbsp;<\/p>\n\n\n\n<ul class=\"wp-block-list\">\n<li>Exportation de produits vers un autre pays ou province canadienne tels que les \u00c9tats-Unis, Afrique, Am\u00e9rique Latine ou du Sud, Mexique, Asie, Chine&#8230;<\/li>\n\n\n\n<li>Conna\u00eetre les tarifs et frais douaniers pour exporter vers une r\u00e9gion ou un pays. La connaissance de ces \u00e9l\u00e9ments vous permettra de calculer la rentabilit\u00e9 de vos activit\u00e9s commerciales dans d&rsquo;autres juridictions.<\/li>\n\n\n\n<li>L&rsquo;avocat est aussi capable de s&rsquo;informer sur les diff\u00e9rentes exigences l\u00e9gales propre \u00e0 votre secteur d&rsquo;activit\u00e9 ce qui vous \u00e9vitera de devoir payer des frais impr\u00e9vus lors de l&rsquo;importation ou de l&rsquo;exportation de produits \u00e0 l&rsquo;\u00e9tranger.<\/li>\n\n\n\n<li>La connaissance du contexte \u00e9conomique d&rsquo;une zone commerciale sera aussi un \u00e9l\u00e9ment \u00e0 consid\u00e9rer afin de voir si le moment est bien choisi pour importer ou exporter des marchandises.<\/li>\n<\/ul>\n\n\n\n<p>&nbsp;<\/p>\n\n\n\n<p>Dans le contexte de la mondialisation, une croissance exponentielle est observ\u00e9e depuis le milieu du 20e si\u00e8cle. En effet, un pays, dont le commerce ext\u00e9rieur est d\u00e9ficitaire s\u2019il n\u2019a pas la possibilit\u00e9 de puiser dans ses r\u00e9serves, devra emprunter au niveau des autres pays et parfois m\u00eame aux organismes.<\/p>\n\n\n\n<p>&nbsp;<\/p>\n\n\n\n<h2 class=\"wp-block-heading\">La politique adopt\u00e9e<\/h2>\n\n\n\n<p>Les th\u00e9ories du commerce international mettent en avant les avantages du libre \u00e9change pour tous les partenaires. Cependant, les pouvoirs publics ne renoncent jamais compl\u00e8tement \u00e0 prot\u00e9ger leurs activit\u00e9s nationales. La politique du commerce international est constitu\u00e9e de l\u2019ensemble des moyens dont dispose un \u00c9tat pour orienter les flux d\u2019\u00e9change d\u2019un pays avec l\u2019\u00e9tranger. Les gouvernements pr\u00e9l\u00e8vent des droits sur le commerce. Cela permet d\u2019att\u00e9nuer l\u2019impact de la concurrence ext\u00e9rieure. Les \u00c9tats dressent des obstacles non tarifaires.<\/p>\n\n\n\n<p>&nbsp;<\/p>\n\n\n\n<h2 class=\"wp-block-heading\">Un avocat commercial pour exportation ou importation<\/h2>\n\n\n<div class=\"wp-block-image\">\n<figure class=\"alignright\"><img loading=\"lazy\" decoding=\"async\" width=\"340\" height=\"236\" src=\"\/avocat\/wp-content\/uploads\/2016\/06\/avocat-exportation-biens-services-marchandises.jpg\" alt=\"avocat exportation biens services marchandises\" class=\"wp-image-516\" title=\"avocat exportation biens services marchandises\" srcset=\"https:\/\/www.avopro.ca\/avocat\/wp-content\/uploads\/2016\/06\/avocat-exportation-biens-services-marchandises.jpg 340w, https:\/\/www.avopro.ca\/avocat\/wp-content\/uploads\/2016\/06\/avocat-exportation-biens-services-marchandises-300x208.jpg 300w\" sizes=\"(max-width: 340px) 100vw, 340px\" \/><\/figure><\/div>\n\n\n<p><\/p>\n\n\n\n<p>Les lois et r\u00e8gles du commerce international peuvent \u00eatre difficiles \u00e0 conna\u00eetre pour le commun des mortels. Pour cette raison, il est recommand\u00e9 de demander \u00e0 voir un avocat afin que ce dernier puisse vous renseigner \u00e0 ce sujet. Qu&rsquo;il s&rsquo;agisse d&rsquo;une importation de marchandises ou de produits provenant d&rsquo;un autre pays ou encore de l&rsquo;exportation de services ou de biens vers d&rsquo;autres destinations comme les \u00c9tats-Unis, l&rsquo;Afrique, l&rsquo;Asie, l&rsquo;Am\u00e9rique Latine,&nbsp;la Chine, il vous faudra conna\u00eetre les r\u00e8gles qui s&rsquo;appliquent. Dans de telles circonstances, l&rsquo;avocat et son cabinet d&rsquo;experts seront une aide bien appr\u00e9ci\u00e9e par les gestionnaires et les propri\u00e9taires d&rsquo;entreprise.<\/p>\n\n\n\n<p>Cette page peut comporter plusieurs erreurs d&rsquo;informations, pour cette raison vous devez contacter un avocat en droit commercial.&nbsp;<\/p>\n","protected":false},"excerpt":{"rendered":"<p>En savoir plus sur le commerce international Le commerce international constitue l\u2019ensemble des \u00e9changes internationaux de biens, mais aussi de services. Son origine tiendrait du fait qu\u2019aucun pays ne disposerait de toutes les ressources sur son propre territoire. L&rsquo;avocat avec une sp\u00e9cialisation en droit commercial et des affaires conseillera ses clients pour les aider dans [&hellip;]<\/p>\n","protected":false},"author":1,"featured_media":0,"parent":0,"menu_order":0,"comment_status":"open","ping_status":"open","template":"","meta":{"footnotes":""},"class_list":["post-193","page","type-page","status-publish","hentry"],"_links":{"self":[{"href":"https:\/\/www.avopro.ca\/avocat\/wp-json\/wp\/v2\/pages\/193"}],"collection":[{"href":"https:\/\/www.avopro.ca\/avocat\/wp-json\/wp\/v2\/pages"}],"about":[{"href":"https:\/\/www.avopro.ca\/avocat\/wp-json\/wp\/v2\/types\/page"}],"author":[{"embeddable":true,"href":"https:\/\/www.avopro.ca\/avocat\/wp-json\/wp\/v2\/users\/1"}],"replies":[{"embeddable":true,"href":"https:\/\/www.avopro.ca\/avocat\/wp-json\/wp\/v2\/comments?post=193"}],"version-history":[{"count":20,"href":"https:\/\/www.avopro.ca\/avocat\/wp-json\/wp\/v2\/pages\/193\/revisions"}],"predecessor-version":[{"id":788,"href":"https:\/\/www.avopro.ca\/avocat\/wp-json\/wp\/v2\/pages\/193\/revisions\/788"}],"wp:attachment":[{"href":"https:\/\/www.avopro.ca\/avocat\/wp-json\/wp\/v2\/media?parent=193"}],"curies":[{"name":"wp","href":"https:\/\/api.w.org\/{rel}","templated":true}]}}