{"id":189,"date":"2016-06-03T02:30:13","date_gmt":"2016-06-03T01:30:13","guid":{"rendered":"http:\/\/www.avopro.ca\/avocat\/?page_id=189"},"modified":"2024-10-18T15:41:08","modified_gmt":"2024-10-18T14:41:08","slug":"avocat-importation-exportation","status":"publish","type":"page","link":"https:\/\/www.avopro.ca\/avocat\/avocat-importation-exportation\/","title":{"rendered":"Avocat importation exportation de produits et services"},"content":{"rendered":"\n<figure class=\"wp-block-image\"><img loading=\"lazy\" decoding=\"async\" width=\"834\" height=\"315\" src=\"\/avocat\/wp-content\/uploads\/2016\/06\/avocat-importation-exportation.jpg\" alt=\"avocat importation exportation\" class=\"wp-image-441\" title=\"avocat importation exportation\" srcset=\"https:\/\/www.avopro.ca\/avocat\/wp-content\/uploads\/2016\/06\/avocat-importation-exportation.jpg 834w, https:\/\/www.avopro.ca\/avocat\/wp-content\/uploads\/2016\/06\/avocat-importation-exportation-300x113.jpg 300w\" sizes=\"(max-width: 834px) 100vw, 834px\" \/><\/figure>\n\n\n\n<p><\/p>\n\n\n\n<p>&nbsp;<\/p>\n\n\n\n<h1 class=\"wp-block-heading\">Avocat importation exportation de produits et services<\/h1>\n\n\n\n<p>L\u2019\u00c9tat a toujours \u00e9t\u00e9 l\u2019instance en charge des \u00e9changes internationaux. C\u2019est \u00e0 travers des r\u00e8gles, des taxes et diverses conditions qu\u2019il arrive \u00e0 contr\u00f4ler la circulation des biens ou services dans le cadre des \u00e9changes internationaux. Chaque pays ou zone de libre-\u00e9change poss\u00e8de des r\u00e8gles r\u00e9gissant l&rsquo;importation ou l&rsquo;exportation de biens et services. Un cabinet d&rsquo;avocats sp\u00e9cialis\u00e9 en droit commercial international saura vous \u00e9clairer quant aux diff\u00e9rentes r\u00e9glementations r\u00e9gissant le commerce entre pays et les zones \u00e9conomiques. Un avocat veillera \u00e0 vos int\u00e9r\u00eats dans le cadre d&rsquo;un commerce de produits, de marchandises ou de services avec d&rsquo;autres pays.<\/p>\n\n\n<div class=\"wp-block-image\">\n<figure class=\"alignleft\"><img loading=\"lazy\" decoding=\"async\" width=\"340\" height=\"227\" src=\"\/avocat\/wp-content\/uploads\/2016\/06\/avocat-commerce-international1.jpg\" alt=\"avocat commerce international\" class=\"wp-image-446\" title=\"avocat commerce international\" srcset=\"https:\/\/www.avopro.ca\/avocat\/wp-content\/uploads\/2016\/06\/avocat-commerce-international1.jpg 340w, https:\/\/www.avopro.ca\/avocat\/wp-content\/uploads\/2016\/06\/avocat-commerce-international1-300x200.jpg 300w\" sizes=\"(max-width: 340px) 100vw, 340px\" \/><\/figure><\/div>\n\n\n<p><\/p>\n\n\n\n<p>Qu&rsquo;il s&rsquo;agisse de r\u00e8gle de d\u00e9douanage, de barri\u00e8res tarifaires ou encore de la possibilit\u00e9 de commercialiser certains produits dans un pays donn\u00e9, ces professionnels du droit commercial international pourront vous offrir le service conseil correspondant \u00e0 vos besoins. Ils vous renseigneront sur les diff\u00e9rentes r\u00e8gles r\u00e9gissant l&rsquo;importation de biens ou services sur le territoire du Canada ou du Qu\u00e9bec. Ils pourront \u00e9galement accompagner votre entreprise dans le processus d&rsquo;exportation de produits, marchandises et services dans une autre entit\u00e9 nationale.<\/p>\n\n\n\n<p>&nbsp;<\/p>\n\n\n\n<h2 class=\"wp-block-heading\">Avocat pour importation ou exportation de marchandise<\/h2>\n\n\n\n<p>Ainsi, si vous souhaitez vendre vos produits aux \u00c9tats-Unis,&nbsp;en Afrique, en Asie, en Am\u00e9rique du Sud ou Latine,&nbsp;en Chine ou dans toute autre zone \u00e9conomique, vous devrez vous renseigner au maximum sur le contexte commercial r\u00e9glementaire qui existe dans ce pays. Plusieurs cabinets d&rsquo;avocats se sp\u00e9cialisent dans le commerce international et les question d&rsquo;exportation \/ importation de produits \u00e0 l&rsquo;\u00e9chelle internationale. Il pourront vous \u00e9clairer pour que vous puissiez mener \u00e0 bon vos affaires et votre activit\u00e9 commerciale \u00e0 l&rsquo;\u00e9tranger.<\/p>\n\n\n\n<p>&nbsp;<\/p>\n\n\n<div class=\"wp-block-image\">\n<figure class=\"alignleft\"><img loading=\"lazy\" decoding=\"async\" width=\"291\" height=\"445\" src=\"\/avocat\/wp-content\/uploads\/2016\/06\/avocat-commercial-exportation-importation.jpg\" alt=\"avocat commercial exportation importation\" class=\"wp-image-214\" title=\"avocat commercial exportation importation\" srcset=\"https:\/\/www.avopro.ca\/avocat\/wp-content\/uploads\/2016\/06\/avocat-commercial-exportation-importation.jpg 291w, https:\/\/www.avopro.ca\/avocat\/wp-content\/uploads\/2016\/06\/avocat-commercial-exportation-importation-229x350.jpg 229w, https:\/\/www.avopro.ca\/avocat\/wp-content\/uploads\/2016\/06\/avocat-commercial-exportation-importation-196x300.jpg 196w\" sizes=\"(max-width: 291px) 100vw, 291px\" \/><\/figure><\/div>\n\n\n<p><\/p>\n\n\n\n<h2 class=\"wp-block-heading\">Les affaires internationales<\/h2>\n\n\n\n<p>Dans l\u2019optique d\u2019une int\u00e9gration \u00e9conomique mondiale, des opportunit\u00e9s \u00e9normes s\u2019offrent \u00e0 tous. L\u2019avocat en droit des affaires vous guidera et vous apportera des solutions propices pour atteindre facilement le march\u00e9 ext\u00e9rieur et r\u00e9aliser vos transactions internationales.<\/p>\n\n\n\n<p>En effet, sa connaissance des&nbsp;r\u00e9gimes douaniers des \u00c9tats lui permet de sugg\u00e9rer&nbsp;\u00e0 ses clients de prendre des positions avantageuses par rapport aux conditions tarifaires pour les importations et les exportations des produits. C\u2019est le conseiller id\u00e9al en mati\u00e8re de droit et de contr\u00f4le douanier. Il en est de m\u00eame des relations financi\u00e8res avec l\u2019\u00e9tranger.<\/p>\n\n\n\n<p>Il est plus ais\u00e9 que jamais de commercer \u00e0 l&rsquo;\u00e9tranger. Demandez \u00e0 votre cabinet sp\u00e9cialis\u00e9 en droit commercial comment il peut vous aider.<\/p>\n\n\n\n<p>&nbsp;<\/p>\n\n\n\n<p>&nbsp;<\/p>\n\n\n\n<p>&nbsp;<\/p>\n\n\n\n<h2 class=\"wp-block-heading\">Avantage d\u2019un avocat dans le secteur import-export<\/h2>\n\n\n\n<p>L&rsquo;avocat du secteur import-export s\u00e9curise vos relations internationales. Il a pour mission de r\u00e9diger de bons contrats de commerces internationaux et de les n\u00e9gocier parfaitement. Il joue aussi un r\u00f4le important sur le plan juridique et social pour assurer l\u2019implantation des entreprises \u00e0 l\u2019\u00e9tranger. Toutefois, il est en charge des contentieux impliquant le syst\u00e8me international. C\u2019est un sp\u00e9cialiste en commerce international et il doit totalement ma\u00eetriser les relations d&rsquo;affaires avec les autres parties du monde. Demandez \u00e0 un avocat quelles sont les lois et r\u00e8glements s\u2019appliquant \u00e0 votre secteur commercial. Il pourra vous renseigner sur les types de lois en vigueur dans votre pays et dans le pays o\u00f9 vous souhaitez exporter des produits ou des services.<\/p>\n\n\n\n<p>&nbsp;<\/p>\n\n\n\n<p>&nbsp;<\/p>\n\n\n\n<p>Cette page peut comporter plusieurs erreurs d&rsquo;informations, pour cette raison vous devez contacter un avocat en droit commercial.&nbsp;<\/p>\n","protected":false},"excerpt":{"rendered":"<p>&nbsp; Avocat importation exportation de produits et services L\u2019\u00c9tat a toujours \u00e9t\u00e9 l\u2019instance en charge des \u00e9changes internationaux. C\u2019est \u00e0 travers des r\u00e8gles, des taxes et diverses conditions qu\u2019il arrive \u00e0 contr\u00f4ler la circulation des biens ou services dans le cadre des \u00e9changes internationaux. Chaque pays ou zone de libre-\u00e9change poss\u00e8de des r\u00e8gles r\u00e9gissant l&rsquo;importation [&hellip;]<\/p>\n","protected":false},"author":1,"featured_media":0,"parent":0,"menu_order":0,"comment_status":"open","ping_status":"open","template":"","meta":{"footnotes":""},"class_list":["post-189","page","type-page","status-publish","hentry"],"_links":{"self":[{"href":"https:\/\/www.avopro.ca\/avocat\/wp-json\/wp\/v2\/pages\/189"}],"collection":[{"href":"https:\/\/www.avopro.ca\/avocat\/wp-json\/wp\/v2\/pages"}],"about":[{"href":"https:\/\/www.avopro.ca\/avocat\/wp-json\/wp\/v2\/types\/page"}],"author":[{"embeddable":true,"href":"https:\/\/www.avopro.ca\/avocat\/wp-json\/wp\/v2\/users\/1"}],"replies":[{"embeddable":true,"href":"https:\/\/www.avopro.ca\/avocat\/wp-json\/wp\/v2\/comments?post=189"}],"version-history":[{"count":28,"href":"https:\/\/www.avopro.ca\/avocat\/wp-json\/wp\/v2\/pages\/189\/revisions"}],"predecessor-version":[{"id":777,"href":"https:\/\/www.avopro.ca\/avocat\/wp-json\/wp\/v2\/pages\/189\/revisions\/777"}],"wp:attachment":[{"href":"https:\/\/www.avopro.ca\/avocat\/wp-json\/wp\/v2\/media?parent=189"}],"curies":[{"name":"wp","href":"https:\/\/api.w.org\/{rel}","templated":true}]}}