{"id":183,"date":"2016-06-03T02:20:23","date_gmt":"2016-06-03T01:20:23","guid":{"rendered":"http:\/\/www.avopro.ca\/avocat\/?page_id=183"},"modified":"2024-10-18T15:52:40","modified_gmt":"2024-10-18T14:52:40","slug":"responsabilite-et-litige-civil","status":"publish","type":"page","link":"https:\/\/www.avopro.ca\/avocat\/responsabilite-et-litige-civil\/","title":{"rendered":"Responsabilit\u00e9 et litige civil"},"content":{"rendered":"\n<h1 class=\"wp-block-heading\">Responsabilit\u00e9 et litige civil<\/h1>\n\n\n\n<p>Chaque individu a une responsabilit\u00e9 civile. On remarque que chaque personne est dans l\u2019obligation de r\u00e9parer les d\u00e9g\u00e2ts caus\u00e9s \u00e0 son prochain. Ces pr\u00e9judices peuvent r\u00e9sulter d\u2019une action non ma\u00eetris\u00e9e ou d\u2019une imprudence ou encore d&rsquo;une n\u00e9gligence. Pour vous permettre de comprendre plus en profondeur les implications l\u00e9gales d&rsquo;un litige ou d&rsquo;une poursuite civile, il vous faudra visiter un avocat afin que ce dernier puisse vous faire des recommandations.<\/p>\n\n\n\n<p>&nbsp;<\/p>\n\n\n<div class=\"wp-block-image img-responsive wp-image-342 size-full\">\n<figure class=\"aligncenter\"><img loading=\"lazy\" decoding=\"async\" width=\"635\" height=\"400\" src=\"\/avocat\/wp-content\/uploads\/2016\/06\/responsabilite-litige-civil.jpg\" alt=\"Responsabilit\u00e9 litige civil\" class=\"wp-image-342\" srcset=\"https:\/\/www.avopro.ca\/avocat\/wp-content\/uploads\/2016\/06\/responsabilite-litige-civil.jpg 635w, https:\/\/www.avopro.ca\/avocat\/wp-content\/uploads\/2016\/06\/responsabilite-litige-civil-300x189.jpg 300w\" sizes=\"(max-width: 635px) 100vw, 635px\" \/><figcaption class=\"wp-element-caption\">Responsabilit\u00e9 litige civil<\/figcaption><\/figure><\/div>\n\n\n<p>&nbsp;<\/p>\n\n\n\n<p>&nbsp;<\/p>\n\n\n\n<h2 class=\"wp-block-heading\">Les pr\u00e9judices couverts par la responsabilit\u00e9 civile<\/h2>\n\n\n\n<p>La responsabilit\u00e9 civile couvre les dommages caus\u00e9s aux tiers. C&rsquo;est le cas par exemple lorsque vous commettez une faute par n\u00e9gligence. Les d\u00e9g\u00e2ts commis par vos enfants qu\u2019ils soient majeurs ou pas sont couverts par la responsabilit\u00e9 civile. M\u00eame cas lorsque les dommages sont du ressort de vos animaux, ou du mat\u00e9riel que vous avez emprunt\u00e9 ou en location. Le litige civil d\u00e9signe tout conflit qui n\u2019est pas r\u00e9ellement consid\u00e9r\u00e9 comme une infraction aux yeux de la loi. On peut en citer les probl\u00e8mes de loyer, de dettes non pay\u00e9es, de conflits familiaux.<\/p>\n\n\n\n<p>&nbsp;<\/p>\n\n\n<div class=\"wp-block-image\">\n<figure class=\"aligncenter\"><img loading=\"lazy\" decoding=\"async\" width=\"870\" height=\"309\" src=\"\/avocat\/wp-content\/uploads\/2016\/06\/avocat-civil.jpg\" alt=\"avocat civil\" class=\"wp-image-491\" title=\"avocat civil\" srcset=\"https:\/\/www.avopro.ca\/avocat\/wp-content\/uploads\/2016\/06\/avocat-civil.jpg 870w, https:\/\/www.avopro.ca\/avocat\/wp-content\/uploads\/2016\/06\/avocat-civil-300x107.jpg 300w\" sizes=\"(max-width: 870px) 100vw, 870px\" \/><\/figure><\/div>\n\n\n<p><\/p>\n\n\n\n<p>&nbsp;<\/p>\n\n\n\n<h2 class=\"wp-block-heading\">Avocat pour droit civil<\/h2>\n\n\n\n<p>L&rsquo;avocat sera le sp\u00e9cialiste en l\u00e9galit\u00e9 qui sera dispos\u00e9 \u00e0 vous aider lors d&rsquo;un probl\u00e8me de ce genre. Le droit civil est une discipline souvent complexe et elle r\u00e9clame dans de nombreux cas une expertise afin d&rsquo;y voir plus clair. Un cabinet en droit civil conseillera vous et vos associ\u00e9s dans une telle situation. Vous pouvez appeler des avocats afin de voir comment ceux-ci peuvent vous venir en aide.<\/p>\n\n\n\n<p>&nbsp;<\/p>\n\n\n\n<h2 class=\"wp-block-heading\">L\u2019assurance pour vous couvrir<\/h2>\n\n\n<div class=\"wp-block-image\">\n<figure class=\"alignleft\"><img loading=\"lazy\" decoding=\"async\" width=\"340\" height=\"236\" src=\"\/avocat\/wp-content\/uploads\/2016\/06\/avocat-droit-civil.jpg\" alt=\"avocat droit civil\" class=\"wp-image-497\" title=\"avocat droit civil\" srcset=\"https:\/\/www.avopro.ca\/avocat\/wp-content\/uploads\/2016\/06\/avocat-droit-civil.jpg 340w, https:\/\/www.avopro.ca\/avocat\/wp-content\/uploads\/2016\/06\/avocat-droit-civil-300x208.jpg 300w\" sizes=\"(max-width: 340px) 100vw, 340px\" \/><\/figure><\/div>\n\n\n<p>L\u2019assurance va alors d\u00e9bourser de l\u2019argent pour r\u00e9parer les d\u00e9g\u00e2ts caus\u00e9s par le responsable et indemniser la victime. Il est important de souscrire \u00e0 une assurance de responsabilit\u00e9 civile pour \u00e9viter certains impr\u00e9vus. Certains contrats prennent en compte des responsabilit\u00e9s civiles, mais souvent limit\u00e9es. L\u2019id\u00e9al pour tout un chacun est de souscrire \u00e0 un contrat d\u2019assurance de responsabilit\u00e9 civile familiale qui couvre la totalit\u00e9 des litiges civils. En consultant votre avocat civil, vous pourrez recevoir toute l&rsquo;information que vous n\u00e9cessitez pour mieux comprendre les implications l\u00e9gales et financi\u00e8res d&rsquo;une poursuite ou d&rsquo;un litige.<\/p>\n\n\n\n<p>&nbsp;<\/p>\n\n\n\n<p>&nbsp;<\/p>\n\n\n\n<p>Le texte suivant peut comporter des erreurs d&rsquo;informations, il est important de consulter un avocat.<\/p>\n","protected":false},"excerpt":{"rendered":"<p>Responsabilit\u00e9 et litige civil Chaque individu a une responsabilit\u00e9 civile. On remarque que chaque personne est dans l\u2019obligation de r\u00e9parer les d\u00e9g\u00e2ts caus\u00e9s \u00e0 son prochain. Ces pr\u00e9judices peuvent r\u00e9sulter d\u2019une action non ma\u00eetris\u00e9e ou d\u2019une imprudence ou encore d&rsquo;une n\u00e9gligence. Pour vous permettre de comprendre plus en profondeur les implications l\u00e9gales d&rsquo;un litige ou [&hellip;]<\/p>\n","protected":false},"author":1,"featured_media":0,"parent":0,"menu_order":0,"comment_status":"open","ping_status":"open","template":"","meta":{"footnotes":""},"class_list":["post-183","page","type-page","status-publish","hentry"],"_links":{"self":[{"href":"https:\/\/www.avopro.ca\/avocat\/wp-json\/wp\/v2\/pages\/183"}],"collection":[{"href":"https:\/\/www.avopro.ca\/avocat\/wp-json\/wp\/v2\/pages"}],"about":[{"href":"https:\/\/www.avopro.ca\/avocat\/wp-json\/wp\/v2\/types\/page"}],"author":[{"embeddable":true,"href":"https:\/\/www.avopro.ca\/avocat\/wp-json\/wp\/v2\/users\/1"}],"replies":[{"embeddable":true,"href":"https:\/\/www.avopro.ca\/avocat\/wp-json\/wp\/v2\/comments?post=183"}],"version-history":[{"count":11,"href":"https:\/\/www.avopro.ca\/avocat\/wp-json\/wp\/v2\/pages\/183\/revisions"}],"predecessor-version":[{"id":807,"href":"https:\/\/www.avopro.ca\/avocat\/wp-json\/wp\/v2\/pages\/183\/revisions\/807"}],"wp:attachment":[{"href":"https:\/\/www.avopro.ca\/avocat\/wp-json\/wp\/v2\/media?parent=183"}],"curies":[{"name":"wp","href":"https:\/\/api.w.org\/{rel}","templated":true}]}}