{"id":174,"date":"2016-06-02T21:47:32","date_gmt":"2016-06-02T20:47:32","guid":{"rendered":"http:\/\/www.avopro.ca\/avocat\/?page_id=174"},"modified":"2024-10-18T15:42:04","modified_gmt":"2024-10-18T14:42:04","slug":"avocat-pour-un-probleme-avec-couverture-dassurance","status":"publish","type":"page","link":"https:\/\/www.avopro.ca\/avocat\/avocat-pour-un-probleme-avec-couverture-dassurance\/","title":{"rendered":"Avocat pour un probl\u00e8me avec couverture d&rsquo;assurance"},"content":{"rendered":"\n<h1 class=\"wp-block-heading\">Avocat pour un probl\u00e8me avec couverture d&rsquo;assurance<\/h1>\n\n\n\n<p>&nbsp;<\/p>\n\n\n\n<p>Lorsque vous avez certains probl\u00e8mes et qu\u2019il vous faut imp\u00e9rativement avoir recours \u00e0 la justice, rien de mieux que d\u2019\u00eatre pr\u00e9par\u00e9. Pour cela, trouver un avocat est votre meilleure option. Il en est ainsi lorsque vous avez un probl\u00e8me avec votre couverture d&rsquo;assurance.<\/p>\n\n\n\n<p>&nbsp;<\/p>\n\n\n<div class=\"wp-block-image img-responsive wp-image-295 size-full\">\n<figure class=\"aligncenter\"><img loading=\"lazy\" decoding=\"async\" width=\"635\" height=\"400\" src=\"\/avocat\/wp-content\/uploads\/2016\/06\/avocats-assurances.jpg\" alt=\"avocats assurances\" class=\"wp-image-295\" srcset=\"https:\/\/www.avopro.ca\/avocat\/wp-content\/uploads\/2016\/06\/avocats-assurances.jpg 635w, https:\/\/www.avopro.ca\/avocat\/wp-content\/uploads\/2016\/06\/avocats-assurances-300x189.jpg 300w\" sizes=\"(max-width: 635px) 100vw, 635px\" \/><figcaption class=\"wp-element-caption\">Avocats pour assurances et versements d&rsquo;indemnit\u00e9s<\/figcaption><\/figure><\/div>\n\n\n<p>&nbsp;<\/p>\n\n\n\n<h2 class=\"wp-block-heading\">L\u2019assurance de protection juridique<\/h2>\n\n\n\n<p>&nbsp;<\/p>\n\n\n\n<p>Elle permet \u00e0 l\u2019assur\u00e9 de faciliter le r\u00e8glement de ses litiges. L\u2019objet de type de garantie est de couvrir des \u00e9v\u00e9nements. Les professionnels de l\u2019assurance de protection sont soumis au secret juridique. De m\u00eame, les avocats sont soumis au principe de la confidentialit\u00e9. Ce qui sera tr\u00e8s important, lors de la phase des n\u00e9gociations. Ce type d\u2019assurance connait un d\u00e9veloppement important et il souscrit par la plupart des m\u00e9nages.<\/p>\n\n\n\n<h2 class=\"wp-block-heading\">&nbsp;<\/h2>\n\n\n\n<h2 class=\"wp-block-heading\">Le libre choix de l\u2019avocat<\/h2>\n\n\n\n<p>&nbsp;<\/p>\n\n\n\n<p>Les contrats peuvent comporter des seuils d\u2019intervention ou encore des plafonds de prise en charge. Il appartiendra \u00e0 votre avocat d\u2019\u00e9tudier tout cela et de vous aider \u00e0 vous en sortir au mieux. Le principe du libre choix de l\u2019avocat est rappel\u00e9 dans tous les contrats. Durant le proc\u00e8s, l\u2019assureur reste donc \u00e0 la disposition de l\u2019assur\u00e9 et de son avocat pour les assister s\u2019ils le souhaitent. Alors vous pouvez d\u00e8s \u00e0 pr\u00e9sent choisir un avocat qui vous aidera rapidement pour votre probl\u00e8me de couverture d&rsquo;assurance.<\/p>\n\n\n\n<p>&nbsp;<\/p>\n\n\n\n<p>Le texte suivant peut comporter plusieurs erreurs d&rsquo;informations, toujours contacter un avocat pour vous faire guider.<\/p>\n","protected":false},"excerpt":{"rendered":"<p>Avocat pour un probl\u00e8me avec couverture d&rsquo;assurance &nbsp; Lorsque vous avez certains probl\u00e8mes et qu\u2019il vous faut imp\u00e9rativement avoir recours \u00e0 la justice, rien de mieux que d\u2019\u00eatre pr\u00e9par\u00e9. Pour cela, trouver un avocat est votre meilleure option. Il en est ainsi lorsque vous avez un probl\u00e8me avec votre couverture d&rsquo;assurance. &nbsp; &nbsp; L\u2019assurance de [&hellip;]<\/p>\n","protected":false},"author":1,"featured_media":0,"parent":0,"menu_order":0,"comment_status":"open","ping_status":"open","template":"","meta":{"footnotes":""},"class_list":["post-174","page","type-page","status-publish","hentry"],"_links":{"self":[{"href":"https:\/\/www.avopro.ca\/avocat\/wp-json\/wp\/v2\/pages\/174"}],"collection":[{"href":"https:\/\/www.avopro.ca\/avocat\/wp-json\/wp\/v2\/pages"}],"about":[{"href":"https:\/\/www.avopro.ca\/avocat\/wp-json\/wp\/v2\/types\/page"}],"author":[{"embeddable":true,"href":"https:\/\/www.avopro.ca\/avocat\/wp-json\/wp\/v2\/users\/1"}],"replies":[{"embeddable":true,"href":"https:\/\/www.avopro.ca\/avocat\/wp-json\/wp\/v2\/comments?post=174"}],"version-history":[{"count":5,"href":"https:\/\/www.avopro.ca\/avocat\/wp-json\/wp\/v2\/pages\/174\/revisions"}],"predecessor-version":[{"id":781,"href":"https:\/\/www.avopro.ca\/avocat\/wp-json\/wp\/v2\/pages\/174\/revisions\/781"}],"wp:attachment":[{"href":"https:\/\/www.avopro.ca\/avocat\/wp-json\/wp\/v2\/media?parent=174"}],"curies":[{"name":"wp","href":"https:\/\/api.w.org\/{rel}","templated":true}]}}