{"id":172,"date":"2016-06-02T21:43:43","date_gmt":"2016-06-02T20:43:43","guid":{"rendered":"http:\/\/www.avopro.ca\/avocat\/?page_id=172"},"modified":"2024-10-18T15:43:49","modified_gmt":"2024-10-18T14:43:49","slug":"entente-a-lamiable-et-reglement-hors-cours","status":"publish","type":"page","link":"https:\/\/www.avopro.ca\/avocat\/entente-a-lamiable-et-reglement-hors-cours\/","title":{"rendered":"Entente \u00e0 l&rsquo;amiable et r\u00e8glement hors cours"},"content":{"rendered":"\n<h1 class=\"wp-block-heading\">Entente \u00e0 l&rsquo;amiable et r\u00e8glement hors cours<\/h1>\n\n\n\n<p>Les conflits ne se r\u00e8glent pas toujours au tribunal en d\u00e9cr\u00e9tant qui a raison ou qui a tort. Il existe des moments o\u00f9, une m\u00e9diation peut avoir lieu. C&rsquo;est dans ce sens qu&rsquo;on parle de r\u00e8glement hors cours ou d&rsquo;entente \u00e0 l&rsquo;amiable.<\/p>\n\n\n\n<p>&nbsp;<\/p>\n\n\n<div class=\"wp-block-image img-responsive wp-image-305 size-full\">\n<figure class=\"aligncenter\"><img loading=\"lazy\" decoding=\"async\" width=\"580\" height=\"380\" src=\"\/avocat\/wp-content\/uploads\/2016\/06\/entente-a-lamiable-avocat.jpg\" alt=\"entente a l'amiable avocat avocate\" class=\"wp-image-305\" srcset=\"https:\/\/www.avopro.ca\/avocat\/wp-content\/uploads\/2016\/06\/entente-a-lamiable-avocat.jpg 580w, https:\/\/www.avopro.ca\/avocat\/wp-content\/uploads\/2016\/06\/entente-a-lamiable-avocat-300x197.jpg 300w\" sizes=\"(max-width: 580px) 100vw, 580px\" \/><figcaption class=\"wp-element-caption\">Entente \u00e0\u00a0l&rsquo;amiable et m\u00e9diation avec un avocat ou une avocate pour parvenir au r\u00e8glement des litiges entre particuliers et entreprises.<\/figcaption><\/figure><\/div>\n\n\n<p>&nbsp;<\/p>\n\n\n\n<p>&nbsp;<\/p>\n\n\n\n<h2 class=\"wp-block-heading\">Qu\u2019est-ce que la m\u00e9diation ?<\/h2>\n\n\n\n<p>&nbsp;<\/p>\n\n\n\n<p>C\u2019est une forme de r\u00e9solution de conflits passant par l\u2019exploration de solutions. Ici, point besoin d\u2019un coupable. Il faut auparavant que les parties concern\u00e9es acceptent le fait qu\u2019il puisse y avoir m\u00e9diation d\u2019abord. La n\u00e9gociation est \u00e0 la base de tous les modes de r\u00e8glement des litiges. En effet, elle consiste \u00e0 tenter de conclure une entente entre les parties sachant que chacune d\u2019elle aura un ou plusieurs compromis \u00e0 faire.<\/p>\n\n\n\n<p>&nbsp;<\/p>\n\n\n\n<p>&nbsp;<\/p>\n\n\n\n<h2 class=\"wp-block-heading\">Le r\u00e8glement \u00e0 l\u2019amiable<\/h2>\n\n\n\n<p>&nbsp;<\/p>\n\n\n\n<p>En g\u00e9n\u00e9ral, les parties pr\u00e9f\u00e8rent que le proc\u00e8s vienne en dernier recours. En effet, rien de mieux que de r\u00e9gler tous les soucis \u00e0 l\u2019amiable. Cela permet souvent de d\u00e9penser moins d\u2019argent, mais aussi, d\u2019\u00e9viter de perdre beaucoup d\u2019\u00e9nergie. Lorsqu\u2019il y a entente \u00e0 l\u2019amiable, celle-ci se fait de mani\u00e8re \u00e0 ce que son ex\u00e9cution se fasse de fa\u00e7on volontaire et selon des conditions qui ont \u00e9t\u00e9 convenues entre les parties. Cela constitue un avantage assez consid\u00e9rable. Un r\u00e8glement \u00e0 l\u2019amiable peut \u00eatre tenu \u00e0 n\u2019importe quelle \u00e9tape d\u2019un processus judiciaire lorsque certaines conditions sont remplies.<\/p>\n\n\n\n<p>&nbsp;<\/p>\n\n\n\n<p>L&rsquo;article suivant peut comporter des erreurs d&rsquo;informations toujours contacter un avocat pour vous faire guider.<\/p>\n","protected":false},"excerpt":{"rendered":"<p>Entente \u00e0 l&rsquo;amiable et r\u00e8glement hors cours Les conflits ne se r\u00e8glent pas toujours au tribunal en d\u00e9cr\u00e9tant qui a raison ou qui a tort. Il existe des moments o\u00f9, une m\u00e9diation peut avoir lieu. C&rsquo;est dans ce sens qu&rsquo;on parle de r\u00e8glement hors cours ou d&rsquo;entente \u00e0 l&rsquo;amiable. &nbsp; &nbsp; &nbsp; Qu\u2019est-ce que la [&hellip;]<\/p>\n","protected":false},"author":1,"featured_media":0,"parent":0,"menu_order":0,"comment_status":"open","ping_status":"open","template":"","meta":{"footnotes":""},"class_list":["post-172","page","type-page","status-publish","hentry"],"_links":{"self":[{"href":"https:\/\/www.avopro.ca\/avocat\/wp-json\/wp\/v2\/pages\/172"}],"collection":[{"href":"https:\/\/www.avopro.ca\/avocat\/wp-json\/wp\/v2\/pages"}],"about":[{"href":"https:\/\/www.avopro.ca\/avocat\/wp-json\/wp\/v2\/types\/page"}],"author":[{"embeddable":true,"href":"https:\/\/www.avopro.ca\/avocat\/wp-json\/wp\/v2\/users\/1"}],"replies":[{"embeddable":true,"href":"https:\/\/www.avopro.ca\/avocat\/wp-json\/wp\/v2\/comments?post=172"}],"version-history":[{"count":8,"href":"https:\/\/www.avopro.ca\/avocat\/wp-json\/wp\/v2\/pages\/172\/revisions"}],"predecessor-version":[{"id":789,"href":"https:\/\/www.avopro.ca\/avocat\/wp-json\/wp\/v2\/pages\/172\/revisions\/789"}],"wp:attachment":[{"href":"https:\/\/www.avopro.ca\/avocat\/wp-json\/wp\/v2\/media?parent=172"}],"curies":[{"name":"wp","href":"https:\/\/api.w.org\/{rel}","templated":true}]}}