{"id":170,"date":"2016-06-02T21:40:41","date_gmt":"2016-06-02T20:40:41","guid":{"rendered":"http:\/\/www.avopro.ca\/avocat\/?page_id=170"},"modified":"2024-10-18T15:41:22","modified_gmt":"2024-10-18T14:41:22","slug":"avocat-pour-arbitrage-en-litige-commercial","status":"publish","type":"page","link":"https:\/\/www.avopro.ca\/avocat\/avocat-pour-arbitrage-en-litige-commercial\/","title":{"rendered":"Avocat pour arbitrage en litige commercial"},"content":{"rendered":"\n<h1 class=\"wp-block-heading\">Avocat pour arbitrage en litige commercial<\/h1>\n\n\n\n<p>L\u2019arbitrage est un mode alternatif de r\u00e8glement de conflits. C\u2019est une justice priv\u00e9e, mais elle est conventionnelle et offre aussi quelques avantages. L\u2019arbitrage concerne essentiellement les litiges commerciaux. Votre avocat est \u00e0 m\u00eame de r\u00e9gler des diff\u00e9rents ou des litige entre votre entreprise et une autre compagnie ou un client. Le cabinet en droit commercial vous fournira un service conseil afin de n\u00e9gocier les termes d&rsquo;une entente entre les partis. L&rsquo;avocat n\u00e9gociera une avenue favorable au int\u00e9r\u00eats de votre soci\u00e9t\u00e9.<\/p>\n\n\n\n<p>&nbsp;<\/p>\n\n\n\n<p>&nbsp;<\/p>\n\n\n\n<figure class=\"wp-block-image\"><img loading=\"lazy\" decoding=\"async\" width=\"593\" height=\"352\" src=\"\/avocat\/wp-content\/uploads\/2016\/06\/arbitrage-litige-commercial.jpg\" alt=\"Arbitrage litige commercial\" class=\"wp-image-270\" title=\"arbitrage litige commercial\" srcset=\"https:\/\/www.avopro.ca\/avocat\/wp-content\/uploads\/2016\/06\/arbitrage-litige-commercial.jpg 593w, https:\/\/www.avopro.ca\/avocat\/wp-content\/uploads\/2016\/06\/arbitrage-litige-commercial-300x178.jpg 300w\" sizes=\"(max-width: 593px) 100vw, 593px\" \/><\/figure>\n\n\n\n<p><\/p>\n\n\n\n<p>&nbsp;<\/p>\n\n\n\n<p>&nbsp;<\/p>\n\n\n\n<h2 class=\"wp-block-heading\">Avoir un excellent avocat en droit commercial<\/h2>\n\n\n\n<p>&nbsp;<\/p>\n\n\n\n<p>L\u2019avocat est le professionnel le mieux plac\u00e9 pour accompagner les parties concern\u00e9es. Sa grande connaissance des affaires commerciales lui permet d&rsquo;\u00e9valuer l\u00e9galement les implications de diff\u00e9rents choix de n\u00e9gociation lors d&rsquo;un arbitrage. Il vous permettra d&rsquo;avoir une meilleur vue d&rsquo;ensemble des cons\u00e9quences potentielles de telle ou telle d\u00e9cision. L\u2019avocat conseille ses clients pour l\u2019arbitrage afin de permettre aux administrateurs et dirigeants de l&rsquo;entreprise d&rsquo;avoir l&rsquo;heure juste sur la situation dans laquelle ils se trouvent.<\/p>\n\n\n<div class=\"wp-block-image\">\n<figure class=\"alignleft\"><img loading=\"lazy\" decoding=\"async\" width=\"328\" height=\"219\" src=\"\/avocat\/wp-content\/uploads\/2016\/06\/litige-commercial-avocat.jpg\" alt=\"litige commercial avocat\" class=\"wp-image-456\" title=\"litige commercial avocat\" srcset=\"https:\/\/www.avopro.ca\/avocat\/wp-content\/uploads\/2016\/06\/litige-commercial-avocat.jpg 328w, https:\/\/www.avopro.ca\/avocat\/wp-content\/uploads\/2016\/06\/litige-commercial-avocat-300x200.jpg 300w\" sizes=\"(max-width: 328px) 100vw, 328px\" \/><\/figure><\/div>\n\n\n<p><\/p>\n\n\n\n<p>Il analyse en d\u00e9tail, n\u00e9gocie et pr\u00e9pare aussi en m\u00eame temps la convention d\u2019arbitrage qui encadrera le processus visant une entente. Il promeut donc les int\u00e9r\u00eats de ses clients devant les arbitres. Vous pourrez trouver des sp\u00e9cialistes de l\u2019arbitrage international qui sont pass\u00e9s ma\u00eetres dans l\u2019art de mener des interrogatoires et des contre-interrogatoires afin d&rsquo;augmenter les chances de succ\u00e8s et une issue favorable pour leurs clients.<\/p>\n\n\n\n<p>&nbsp;<\/p>\n\n\n\n<h2 class=\"wp-block-heading\">Les parties et l\u2019arbitrage<\/h2>\n\n\n<div class=\"wp-block-image\">\n<figure class=\"alignright\"><img loading=\"lazy\" decoding=\"async\" width=\"320\" height=\"213\" src=\"\/avocat\/wp-content\/uploads\/2016\/06\/avocat-arbitrage-litige.jpg\" alt=\"avocat arbitrage litige\" class=\"wp-image-457\" title=\"avocat arbitrage litige\" srcset=\"https:\/\/www.avopro.ca\/avocat\/wp-content\/uploads\/2016\/06\/avocat-arbitrage-litige.jpg 320w, https:\/\/www.avopro.ca\/avocat\/wp-content\/uploads\/2016\/06\/avocat-arbitrage-litige-300x200.jpg 300w\" sizes=\"(max-width: 320px) 100vw, 320px\" \/><\/figure><\/div>\n\n\n<p><\/p>\n\n\n\n<p>L\u2019arbitrage est reconnu comme \u00e9tant le mode de r\u00e8glement des conflits le plus populaire. Il est compl\u00e8tement fond\u00e9 sur un mod\u00e8le d\u2019accusation et il est d\u00e9sormais r\u00e9glement\u00e9 par une loi. L\u2019arbitrage peut ne pas lier les parties. Il s\u2019agit d\u2019un processus volontaire. Si les parties acceptent d\u2019avoir recours au processus, elles peuvent se soumettre \u00e0 un d\u2019arbitrage. L\u2019avocat examine l\u2019opportunit\u00e9 d\u2019avoir recours \u00e0 un mode de r\u00e8glement des conflits. Il conna\u00eet le domaine des contentieux ainsi que les r\u00e8gles qui le gouvernent. Un avocat pour arbitrage en litige commercial vous permettra de tirer la situation \u00e0 votre avantage.<\/p>\n\n\n\n<p>&nbsp;<\/p>\n\n\n\n<p>L&rsquo;article suivant peut comporter des erreurs d&rsquo;informations toujours contacter un avocat pour vous faire guider.<\/p>\n","protected":false},"excerpt":{"rendered":"<p>Avocat pour arbitrage en litige commercial L\u2019arbitrage est un mode alternatif de r\u00e8glement de conflits. C\u2019est une justice priv\u00e9e, mais elle est conventionnelle et offre aussi quelques avantages. L\u2019arbitrage concerne essentiellement les litiges commerciaux. Votre avocat est \u00e0 m\u00eame de r\u00e9gler des diff\u00e9rents ou des litige entre votre entreprise et une autre compagnie ou un [&hellip;]<\/p>\n","protected":false},"author":1,"featured_media":0,"parent":0,"menu_order":0,"comment_status":"open","ping_status":"open","template":"","meta":{"footnotes":""},"class_list":["post-170","page","type-page","status-publish","hentry"],"_links":{"self":[{"href":"https:\/\/www.avopro.ca\/avocat\/wp-json\/wp\/v2\/pages\/170"}],"collection":[{"href":"https:\/\/www.avopro.ca\/avocat\/wp-json\/wp\/v2\/pages"}],"about":[{"href":"https:\/\/www.avopro.ca\/avocat\/wp-json\/wp\/v2\/types\/page"}],"author":[{"embeddable":true,"href":"https:\/\/www.avopro.ca\/avocat\/wp-json\/wp\/v2\/users\/1"}],"replies":[{"embeddable":true,"href":"https:\/\/www.avopro.ca\/avocat\/wp-json\/wp\/v2\/comments?post=170"}],"version-history":[{"count":8,"href":"https:\/\/www.avopro.ca\/avocat\/wp-json\/wp\/v2\/pages\/170\/revisions"}],"predecessor-version":[{"id":778,"href":"https:\/\/www.avopro.ca\/avocat\/wp-json\/wp\/v2\/pages\/170\/revisions\/778"}],"wp:attachment":[{"href":"https:\/\/www.avopro.ca\/avocat\/wp-json\/wp\/v2\/media?parent=170"}],"curies":[{"name":"wp","href":"https:\/\/api.w.org\/{rel}","templated":true}]}}