{"id":168,"date":"2016-06-02T21:36:58","date_gmt":"2016-06-02T20:36:58","guid":{"rendered":"http:\/\/www.avopro.ca\/avocat\/?page_id=168"},"modified":"2024-10-18T15:40:15","modified_gmt":"2024-10-18T14:40:15","slug":"acces-a-linformation-droit-administratif","status":"publish","type":"page","link":"https:\/\/www.avopro.ca\/avocat\/acces-a-linformation-droit-administratif\/","title":{"rendered":"Acc\u00e8s \u00e0 l&rsquo;information droit administratif"},"content":{"rendered":"\n<h1 class=\"wp-block-heading\">Acc\u00e8s \u00e0 l&rsquo;information droit administratif<\/h1>\n\n\n\n<p>&nbsp;<\/p>\n\n\n\n<p>Le secteur administratif doit mener un travail important&nbsp;pour satisfaire les personnes et les administrations. Il s&rsquo;agit d&rsquo;une entit\u00e9 du droit public qui r\u00e9git les r\u00e8gles concernant les intervenants \u00e9tatiques. C\u2019est un droit&nbsp;qui s&rsquo;int\u00e9resse principalement aux obligations et aux droits des administrations publiques. Le droit administratif r\u00e9git et encadre ainsi le fonctionnement de l&rsquo;administration ainsi que son rapport aux citoyens. En fonction de la nature et du domaine administratif concern\u00e9, au Qu\u00e9bec plusieurs Tribunaux et instances judiciaires peuvent \u00eatre saisis pour juger et appliquer des sanctions administratives.<\/p>\n\n\n\n<p>&nbsp;<\/p>\n\n\n\n<p>&nbsp;<\/p>\n\n\n<div class=\"wp-block-image img-responsive wp-image-273 size-full\">\n<figure class=\"aligncenter\"><img loading=\"lazy\" decoding=\"async\" width=\"635\" height=\"400\" src=\"\/avocat\/wp-content\/uploads\/2016\/06\/droit-administratif-avocats.jpg\" alt=\"Droit administratif\" class=\"wp-image-273\" srcset=\"https:\/\/www.avopro.ca\/avocat\/wp-content\/uploads\/2016\/06\/droit-administratif-avocats.jpg 635w, https:\/\/www.avopro.ca\/avocat\/wp-content\/uploads\/2016\/06\/droit-administratif-avocats-300x189.jpg 300w\" sizes=\"(max-width: 635px) 100vw, 635px\" \/><figcaption class=\"wp-element-caption\">Droit administratif<\/figcaption><\/figure><\/div>\n\n\n<p>&nbsp;<\/p>\n\n\n\n<p>&nbsp;<\/p>\n\n\n\n<h2 class=\"wp-block-heading\">L\u2019acc\u00e8s \u00e0 l\u2019information, un droit pour tous<\/h2>\n\n\n\n<p>&nbsp;<\/p>\n\n\n\n<p>C\u2019est le domaine du droit administratif qui r\u00e9git les normes de diffusion des informations publiques et administratives. Tout citoyen doit avoir acc\u00e8s aux documents administratifs. Cette loi encourage la transparence et la d\u00e9mocratie en principe. Le droit \u00e0 l\u2019information refl\u00e8te plus l\u2019acc\u00e8s aux documents suppos\u00e9s class\u00e9s. C\u2019est dans un contexte de participation et de transparence que ces r\u00e8gles relatives au partage de l\u2019information ont \u00e9t\u00e9 \u00e9tablies. Dans le but de la transparence et pour faciliter la communication avec les citoyens, tout document administratif doit \u00eatre accessible.<\/p>\n\n\n\n<p>&nbsp;<\/p>\n\n\n\n<h2 class=\"wp-block-heading\">Loi de la transparence<\/h2>\n\n\n\n<p>&nbsp;<\/p>\n\n\n\n<p>Ce droit s\u2019\u00e9tablit pour toutes personnes publiques, l\u2019\u00c9tat, les collectivit\u00e9s locales et les autres entit\u00e9s. Il peut aussi s\u2019\u00e9tablir sur les organismes priv\u00e9s. Des r\u00e8gles ont \u00e9t\u00e9 \u00e9tablies pour pouvoir consulter certaines informations relatives par exemple aux dossiers m\u00e9dicaux, aux listes \u00e9lectorales ou \u00e0 des donn\u00e9es environnementales. Mais ces r\u00e8gles garantissent le respect de la vie priv\u00e9e des citoyens et la concurrence dans les affaires.<\/p>\n\n\n\n<h2 class=\"wp-block-heading\">&nbsp;<\/h2>\n\n\n\n<h2 class=\"wp-block-heading\">Le droit administratif<\/h2>\n\n\n\n<p>&nbsp;<\/p>\n\n\n\n<p>Il s&rsquo;agit d&rsquo;une caract\u00e9ristique de l&rsquo;\u00c9tat de droit, dans la mesure ou ce dernier tend \u00e0 codifier et pr\u00e9voir les comportement des acteurs publics afin que les d\u00e9cisions de ceux-ci ne soient pas laiss\u00e9es \u00e0 la variabilit\u00e9 de l&rsquo;arbitraire des administrateurs. Cet \u00e9l\u00e9ment est constitutif et intrins\u00e8quement li\u00e9 au fonctionnement de l&rsquo;\u00c9tat de droit moderne. En ce sens le comportement et les d\u00e9cisions pris par les administrateurs \u00e9tatiques et les&nbsp;fonctionnaires&nbsp;sont soumis \u00e0 un encadrement et des r\u00e8gles biens&nbsp;d\u00e9finies. Le non-respect de ce cadre et des r\u00e8glements qui le constituent&nbsp;entra\u00eenera&nbsp;des&nbsp;sanctions&nbsp;administratives.<\/p>\n\n\n\n<p>&nbsp;<\/p>\n\n\n\n<p>Ainsi, le droit d&rsquo;acc\u00e8s \u00e0 l&rsquo;information contraint l&rsquo;administration public \u00e0 faire preuve d&rsquo;une certaine transparence dans la gestion de ses affaires. Des r\u00e8gles sont ainsi pr\u00e9vues afin de permettre aux citoyens de faire des requ\u00eates pour obtenir certaines informations regardant la conduite des affaires de l&rsquo;\u00c9tat.<\/p>\n\n\n\n<p>&nbsp;<\/p>\n\n\n\n<p>Toujours v\u00e9rifier avec un avocat les informations, l&rsquo;article suivant peut comporter plusieurs erreurs d&rsquo;informations.<\/p>\n\n\n\n<p>&nbsp;<\/p>\n","protected":false},"excerpt":{"rendered":"<p>Acc\u00e8s \u00e0 l&rsquo;information droit administratif &nbsp; Le secteur administratif doit mener un travail important&nbsp;pour satisfaire les personnes et les administrations. Il s&rsquo;agit d&rsquo;une entit\u00e9 du droit public qui r\u00e9git les r\u00e8gles concernant les intervenants \u00e9tatiques. C\u2019est un droit&nbsp;qui s&rsquo;int\u00e9resse principalement aux obligations et aux droits des administrations publiques. Le droit administratif r\u00e9git et encadre ainsi [&hellip;]<\/p>\n","protected":false},"author":1,"featured_media":0,"parent":0,"menu_order":0,"comment_status":"open","ping_status":"open","template":"","meta":{"footnotes":""},"class_list":["post-168","page","type-page","status-publish","hentry"],"_links":{"self":[{"href":"https:\/\/www.avopro.ca\/avocat\/wp-json\/wp\/v2\/pages\/168"}],"collection":[{"href":"https:\/\/www.avopro.ca\/avocat\/wp-json\/wp\/v2\/pages"}],"about":[{"href":"https:\/\/www.avopro.ca\/avocat\/wp-json\/wp\/v2\/types\/page"}],"author":[{"embeddable":true,"href":"https:\/\/www.avopro.ca\/avocat\/wp-json\/wp\/v2\/users\/1"}],"replies":[{"embeddable":true,"href":"https:\/\/www.avopro.ca\/avocat\/wp-json\/wp\/v2\/comments?post=168"}],"version-history":[{"count":8,"href":"https:\/\/www.avopro.ca\/avocat\/wp-json\/wp\/v2\/pages\/168\/revisions"}],"predecessor-version":[{"id":774,"href":"https:\/\/www.avopro.ca\/avocat\/wp-json\/wp\/v2\/pages\/168\/revisions\/774"}],"wp:attachment":[{"href":"https:\/\/www.avopro.ca\/avocat\/wp-json\/wp\/v2\/media?parent=168"}],"curies":[{"name":"wp","href":"https:\/\/api.w.org\/{rel}","templated":true}]}}